{"id":315,"date":"2026-03-05T20:45:14","date_gmt":"2026-03-05T19:45:14","guid":{"rendered":"https:\/\/www.ykaina3dstudio.es\/shop\/?post_type=product&#038;p=315"},"modified":"2026-03-23T19:44:12","modified_gmt":"2026-03-23T18:44:12","slug":"figura-de-lobezno-estilo-comic-impresa-en-3d","status":"publish","type":"product","link":"https:\/\/www.ykaina3dstudio.es\/shop\/producto\/figura-de-lobezno-estilo-comic-impresa-en-3d\/","title":{"rendered":"Figura de Lobezno estilo c\u00f3mic impresa en 3D"},"content":{"rendered":"<p>Esta figura decorativa inspirada en un ic\u00f3nico superh\u00e9roe del mundo del c\u00f3mic destaca por su pose din\u00e1mica y su dise\u00f1o lleno de car\u00e1cter.<\/p>\n<p>Fabricada mediante impresi\u00f3n 3D de alta precisi\u00f3n, la pieza reproduce los rasgos m\u00e1s reconocibles del personaje, incluyendo su traje caracter\u00edstico y sus famosas garras.<\/p>\n<p>Su postura de acci\u00f3n transmite fuerza y movimiento, convirti\u00e9ndola en una figura ideal para exponer en estanter\u00edas, vitrinas o escritorios.<\/p>\n<p>Gracias a su acabado detallado y su estilo llamativo, es una excelente opci\u00f3n tanto para coleccionistas como para amantes de la cultura geek y el c\u00f3mic.<\/p>\n<p>Ideal para:<\/p>\n<p>\ud83e\uddb8 Fans de los superh\u00e9roes<br \/>\n\ud83c\udf81 Regalos originales<br \/>\n\ud83e\uddf8 Coleccionistas de figuras<br \/>\n\ud83c\udfe0 Decoraci\u00f3n de escritorio o estanter\u00eda<br \/>\n\ud83c\udfac Amantes del c\u00f3mic y la cultura geek<\/p>\n","protected":false},"excerpt":{"rendered":"<p>Figura decorativa inspirada en un famoso superh\u00e9roe del c\u00f3mic, fabricada mediante impresi\u00f3n 3D de alta precisi\u00f3n.<br \/>\nUna pieza perfecta para coleccionistas, fans del c\u00f3mic y decoraci\u00f3n geek.<\/p>\n","protected":false},"featured_media":291,"comment_status":"open","ping_status":"closed","template":"","meta":{"site-sidebar-layout":"default","site-content-layout":"","ast-site-content-layout":"default","site-content-style":"default","site-sidebar-style":"default","ast-global-header-display":"","ast-banner-title-visibility":"","ast-main-header-display":"","ast-hfb-above-header-display":"","ast-hfb-below-header-display":"","ast-hfb-mobile-header-display":"","site-post-title":"","ast-breadcrumbs-content":"","ast-featured-img":"","footer-sml-layout":"","ast-disable-related-posts":"","theme-transparent-header-meta":"default","adv-header-id-meta":"","stick-header-meta":"","header-above-stick-meta":"","header-main-stick-meta":"","header-below-stick-meta":"","astra-migrate-meta-layouts":"set","ast-page-background-enabled":"default","ast-page-background-meta":{"desktop":{"background-color":"var(--ast-global-color-5)","background-image":"","background-repeat":"repeat","background-position":"center center","background-size":"auto","background-attachment":"scroll","background-type":"","background-media":"","overlay-type":"","overlay-color":"","overlay-opacity":"","overlay-gradient":""},"tablet":{"background-color":"","background-image":"","background-repeat":"repeat","background-position":"center center","background-size":"auto","background-attachment":"scroll","background-type":"","background-media":"","overlay-type":"","overlay-color":"","overlay-opacity":"","overlay-gradient":""},"mobile":{"background-color":"","background-image":"","background-repeat":"repeat","background-position":"center center","background-size":"auto","background-attachment":"scroll","background-type":"","background-media":"","overlay-type":"","overlay-color":"","overlay-opacity":"","overlay-gradient":""}},"ast-content-background-meta":{"desktop":{"background-color":"var(--ast-global-color-4)","background-image":"","background-repeat":"repeat","background-position":"center center","background-size":"auto","background-attachment":"scroll","background-type":"","background-media":"","overlay-type":"","overlay-color":"","overlay-opacity":"","overlay-gradient":""},"tablet":{"background-color":"var(--ast-global-color-4)","background-image":"","background-repeat":"repeat","background-position":"center center","background-size":"auto","background-attachment":"scroll","background-type":"","background-media":"","overlay-type":"","overlay-color":"","overlay-opacity":"","overlay-gradient":""},"mobile":{"background-color":"var(--ast-global-color-4)","background-image":"","background-repeat":"repeat","background-position":"center center","background-size":"auto","background-attachment":"scroll","background-type":"","background-media":"","overlay-type":"","overlay-color":"","overlay-opacity":"","overlay-gradient":""}}},"product_brand":[],"product_cat":[263,264],"product_tag":[72,65,38,31,63,43,64,53,74,71,67,34,70,35,69,36,62,73,68,66,75],"class_list":{"0":"post-315","1":"product","2":"type-product","3":"status-publish","4":"has-post-thumbnail","6":"product_cat-figurascoleccionables","7":"product_cat-figurasmunecos","8":"product_tag-figura-3d-coleccionable","9":"product_tag-figura-accion","10":"product_tag-figura-coleccion","11":"product_tag-figura-coleccionable","12":"product_tag-figura-comic","13":"product_tag-figura-cultura-pop","14":"product_tag-figura-decoracion","15":"product_tag-figura-decoracion-escritorio","16":"product_tag-figura-decoracion-habitacion-geek","17":"product_tag-figura-estilo-comic","18":"product_tag-figura-fans-comic","19":"product_tag-figura-friki","20":"product_tag-figura-friki-coleccion","21":"product_tag-figura-geek","22":"product_tag-figura-geek-decoracion","23":"product_tag-figura-impresion-3d","24":"product_tag-figura-superheroe","25":"product_tag-figura-superheroe-coleccion","26":"product_tag-figura-superheroe-decorativa","27":"product_tag-figura-superheroe-garras","28":"product_tag-lobezno","29":"desktop-align-left","30":"tablet-align-left","31":"mobile-align-left","33":"first","34":"instock","35":"taxable","36":"shipping-taxable","37":"purchasable","38":"product-type-simple"},"_links":{"self":[{"href":"https:\/\/www.ykaina3dstudio.es\/shop\/wp-json\/wp\/v2\/product\/315","targetHints":{"allow":["GET"]}}],"collection":[{"href":"https:\/\/www.ykaina3dstudio.es\/shop\/wp-json\/wp\/v2\/product"}],"about":[{"href":"https:\/\/www.ykaina3dstudio.es\/shop\/wp-json\/wp\/v2\/types\/product"}],"replies":[{"embeddable":true,"href":"https:\/\/www.ykaina3dstudio.es\/shop\/wp-json\/wp\/v2\/comments?post=315"}],"wp:featuredmedia":[{"embeddable":true,"href":"https:\/\/www.ykaina3dstudio.es\/shop\/wp-json\/wp\/v2\/media\/291"}],"wp:attachment":[{"href":"https:\/\/www.ykaina3dstudio.es\/shop\/wp-json\/wp\/v2\/media?parent=315"}],"wp:term":[{"taxonomy":"product_brand","embeddable":true,"href":"https:\/\/www.ykaina3dstudio.es\/shop\/wp-json\/wp\/v2\/product_brand?post=315"},{"taxonomy":"product_cat","embeddable":true,"href":"https:\/\/www.ykaina3dstudio.es\/shop\/wp-json\/wp\/v2\/product_cat?post=315"},{"taxonomy":"product_tag","embeddable":true,"href":"https:\/\/www.ykaina3dstudio.es\/shop\/wp-json\/wp\/v2\/product_tag?post=315"}],"curies":[{"name":"wp","href":"https:\/\/api.w.org\/{rel}","templated":true}]}}