{"id":306,"date":"2026-03-05T20:24:48","date_gmt":"2026-03-05T19:24:48","guid":{"rendered":"https:\/\/www.ykaina3dstudio.es\/shop\/?post_type=product&#038;p=306"},"modified":"2026-03-25T00:15:06","modified_gmt":"2026-03-24T23:15:06","slug":"figura-mascota-en-impresion-3d","status":"publish","type":"product","link":"https:\/\/www.ykaina3dstudio.es\/shop\/producto\/figura-mascota-en-impresion-3d\/","title":{"rendered":"Figura Mascota en impresi\u00f3n 3D"},"content":{"rendered":"<p>Este busto personalizado de mascota est\u00e1 creado mediante impresi\u00f3n 3D de alta precisi\u00f3n, capturando los rasgos caracter\u00edsticos del animal para crear una pieza decorativa \u00fanica.<\/p>\n<p>A partir de una fotograf\u00eda de tu mascota, se genera un modelo que reproduce su expresi\u00f3n, forma del rostro y detalles m\u00e1s reconocibles. El resultado es una figura elegante y minimalista que se adapta perfectamente a cualquier espacio.<\/p>\n<p>Cada pieza se fabrica de forma individual bajo pedido, lo que hace que cada busto sea totalmente exclusivo.<\/p>\n<p>Es una idea fant\u00e1stica para:<\/p>\n<p>\ud83d\udc3e Homenajear a tu mascota<br \/>\n\ud83c\udf81 Regalar a amantes de los animales<br \/>\n\ud83c\udfe0 Decorar tu hogar con un toque personal<br \/>\n\ud83d\udc9d Crear un recuerdo especial<\/p>\n","protected":false},"excerpt":{"rendered":"<p>Convierte a tu mascota en una figura \u00fanica impresa en 3D.<br \/>\nCreamos un busto detallado a partir de una fotograf\u00eda para capturar la expresi\u00f3n y rasgos de tu compa\u00f1ero peludo.<\/p>\n<p>Un regalo perfecto para amantes de los animales o para tener un recuerdo especial de tu mascota.<\/p>\n","protected":false},"featured_media":302,"comment_status":"open","ping_status":"closed","template":"","meta":{"site-sidebar-layout":"default","site-content-layout":"","ast-site-content-layout":"default","site-content-style":"default","site-sidebar-style":"default","ast-global-header-display":"","ast-banner-title-visibility":"","ast-main-header-display":"","ast-hfb-above-header-display":"","ast-hfb-below-header-display":"","ast-hfb-mobile-header-display":"","site-post-title":"","ast-breadcrumbs-content":"","ast-featured-img":"","footer-sml-layout":"","ast-disable-related-posts":"","theme-transparent-header-meta":"default","adv-header-id-meta":"","stick-header-meta":"","header-above-stick-meta":"","header-main-stick-meta":"","header-below-stick-meta":"","astra-migrate-meta-layouts":"set","ast-page-background-enabled":"default","ast-page-background-meta":{"desktop":{"background-color":"var(--ast-global-color-5)","background-image":"","background-repeat":"repeat","background-position":"center center","background-size":"auto","background-attachment":"scroll","background-type":"","background-media":"","overlay-type":"","overlay-color":"","overlay-opacity":"","overlay-gradient":""},"tablet":{"background-color":"","background-image":"","background-repeat":"repeat","background-position":"center center","background-size":"auto","background-attachment":"scroll","background-type":"","background-media":"","overlay-type":"","overlay-color":"","overlay-opacity":"","overlay-gradient":""},"mobile":{"background-color":"","background-image":"","background-repeat":"repeat","background-position":"center center","background-size":"auto","background-attachment":"scroll","background-type":"","background-media":"","overlay-type":"","overlay-color":"","overlay-opacity":"","overlay-gradient":""}},"ast-content-background-meta":{"desktop":{"background-color":"var(--ast-global-color-4)","background-image":"","background-repeat":"repeat","background-position":"center center","background-size":"auto","background-attachment":"scroll","background-type":"","background-media":"","overlay-type":"","overlay-color":"","overlay-opacity":"","overlay-gradient":""},"tablet":{"background-color":"var(--ast-global-color-4)","background-image":"","background-repeat":"repeat","background-position":"center center","background-size":"auto","background-attachment":"scroll","background-type":"","background-media":"","overlay-type":"","overlay-color":"","overlay-opacity":"","overlay-gradient":""},"mobile":{"background-color":"var(--ast-global-color-4)","background-image":"","background-repeat":"repeat","background-position":"center center","background-size":"auto","background-attachment":"scroll","background-type":"","background-media":"","overlay-type":"","overlay-color":"","overlay-opacity":"","overlay-gradient":""}}},"product_brand":[],"product_cat":[288],"product_tag":[153,155,154,160,161,169,164,171,170,158,159,156,168,163,157,172,167,165,166,162],"class_list":{"0":"post-306","1":"product","2":"type-product","3":"status-publish","4":"has-post-thumbnail","6":"product_cat-mascotas-personalizadas","7":"product_tag-busto-mascota","8":"product_tag-busto-mascota-personalizado","9":"product_tag-busto-perro","10":"product_tag-busto-perro-decoracion","11":"product_tag-busto-perro-impresion-3d","12":"product_tag-busto-perro-realista","13":"product_tag-decoracion-amantes-perros","14":"product_tag-decoracion-perro","15":"product_tag-escultura-animal-3d","16":"product_tag-escultura-mascota","17":"product_tag-escultura-perro","18":"product_tag-figura-mascota-3d","19":"product_tag-figura-mascota-decoracion","20":"product_tag-figura-mascota-personalizada","21":"product_tag-figura-perro-3d","22":"product_tag-figura-perro-decorativa","23":"product_tag-recuerdo-mascota","24":"product_tag-regalo-amante-perros","25":"product_tag-regalo-mascota-personalizado","26":"product_tag-retrato-mascota-3d","27":"desktop-align-left","28":"tablet-align-left","29":"mobile-align-left","31":"first","32":"instock","33":"taxable","34":"shipping-taxable","35":"product-type-external"},"_links":{"self":[{"href":"https:\/\/www.ykaina3dstudio.es\/shop\/wp-json\/wp\/v2\/product\/306","targetHints":{"allow":["GET"]}}],"collection":[{"href":"https:\/\/www.ykaina3dstudio.es\/shop\/wp-json\/wp\/v2\/product"}],"about":[{"href":"https:\/\/www.ykaina3dstudio.es\/shop\/wp-json\/wp\/v2\/types\/product"}],"replies":[{"embeddable":true,"href":"https:\/\/www.ykaina3dstudio.es\/shop\/wp-json\/wp\/v2\/comments?post=306"}],"wp:featuredmedia":[{"embeddable":true,"href":"https:\/\/www.ykaina3dstudio.es\/shop\/wp-json\/wp\/v2\/media\/302"}],"wp:attachment":[{"href":"https:\/\/www.ykaina3dstudio.es\/shop\/wp-json\/wp\/v2\/media?parent=306"}],"wp:term":[{"taxonomy":"product_brand","embeddable":true,"href":"https:\/\/www.ykaina3dstudio.es\/shop\/wp-json\/wp\/v2\/product_brand?post=306"},{"taxonomy":"product_cat","embeddable":true,"href":"https:\/\/www.ykaina3dstudio.es\/shop\/wp-json\/wp\/v2\/product_cat?post=306"},{"taxonomy":"product_tag","embeddable":true,"href":"https:\/\/www.ykaina3dstudio.es\/shop\/wp-json\/wp\/v2\/product_tag?post=306"}],"curies":[{"name":"wp","href":"https:\/\/api.w.org\/{rel}","templated":true}]}}