{"id":305,"date":"2026-03-05T20:10:24","date_gmt":"2026-03-05T19:10:24","guid":{"rendered":"https:\/\/www.ykaina3dstudio.es\/shop\/?post_type=product&#038;p=305"},"modified":"2026-03-25T00:18:04","modified_gmt":"2026-03-24T23:18:04","slug":"letra-personalizada-con-globo-decoracion-3d","status":"publish","type":"product","link":"https:\/\/www.ykaina3dstudio.es\/shop\/producto\/letra-personalizada-con-globo-decoracion-3d\/","title":{"rendered":"Letra personalizada con globo \u2013 Decoraci\u00f3n 3D"},"content":{"rendered":"<p>Este nombre decorativo impreso en 3D combina un dise\u00f1o tierno y elegante con un toque personal \u00fanico.<br \/>\nLa letra inicial en grande se acompa\u00f1a de nubes y un globo aerost\u00e1tico, creando una escena dulce perfecta para habitaciones infantiles o como regalo especial.<\/p>\n<p>Cada pieza se fabrica mediante impresi\u00f3n 3D con materiales resistentes y ligeros, cuidando cada detalle para obtener un acabado limpio y bonito.<\/p>\n<p>El nombre en relieve aporta profundidad al dise\u00f1o, convirti\u00e9ndolo en una pieza decorativa que llama la atenci\u00f3n sin recargar el espacio.<\/p>\n<p>Perfecto para:<\/p>\n<p>\ud83c\udf81 Regalo de nacimiento<br \/>\n\ud83c\udf82 Cumplea\u00f1os<br \/>\n\ud83e\uddf8 Decoraci\u00f3n de habitaci\u00f3n infantil<br \/>\n\ud83d\udc76 Baby shower<\/p>\n<p>Al ser personalizable con el nombre que quieras, cada pieza es \u00fanica.<\/p>\n","protected":false},"excerpt":{"rendered":"<p>Un detalle dulce y original impreso en 3D de alta calidad, perfecto para regalar o decorar habitaciones infantiles.<br \/>\nPersonaliza el nombre y crea un recuerdo \u00fanico con un dise\u00f1o de globo aerost\u00e1tico y nubes lleno de encanto.<\/p>\n<p>Ideal para cumplea\u00f1os, nacimientos o decoraci\u00f3n infantil.<\/p>\n<div class=\"custom-product-form\">\n<p><strong>PERSONALIZACI\u00d3N<\/strong><\/p>\n<p>Rellena este formulario antes de hacer tu pedido:<\/p>\n<\/div>\n[forminator_form id=\"676\"]\n","protected":false},"featured_media":640,"comment_status":"open","ping_status":"closed","template":"","meta":{"site-sidebar-layout":"default","site-content-layout":"","ast-site-content-layout":"default","site-content-style":"default","site-sidebar-style":"default","ast-global-header-display":"","ast-banner-title-visibility":"","ast-main-header-display":"","ast-hfb-above-header-display":"","ast-hfb-below-header-display":"","ast-hfb-mobile-header-display":"","site-post-title":"","ast-breadcrumbs-content":"","ast-featured-img":"","footer-sml-layout":"","ast-disable-related-posts":"","theme-transparent-header-meta":"default","adv-header-id-meta":"","stick-header-meta":"","header-above-stick-meta":"","header-main-stick-meta":"","header-below-stick-meta":"","astra-migrate-meta-layouts":"set","ast-page-background-enabled":"default","ast-page-background-meta":{"desktop":{"background-color":"var(--ast-global-color-5)","background-image":"","background-repeat":"repeat","background-position":"center center","background-size":"auto","background-attachment":"scroll","background-type":"","background-media":"","overlay-type":"","overlay-color":"","overlay-opacity":"","overlay-gradient":""},"tablet":{"background-color":"","background-image":"","background-repeat":"repeat","background-position":"center center","background-size":"auto","background-attachment":"scroll","background-type":"","background-media":"","overlay-type":"","overlay-color":"","overlay-opacity":"","overlay-gradient":""},"mobile":{"background-color":"","background-image":"","background-repeat":"repeat","background-position":"center center","background-size":"auto","background-attachment":"scroll","background-type":"","background-media":"","overlay-type":"","overlay-color":"","overlay-opacity":"","overlay-gradient":""}},"ast-content-background-meta":{"desktop":{"background-color":"var(--ast-global-color-4)","background-image":"","background-repeat":"repeat","background-position":"center center","background-size":"auto","background-attachment":"scroll","background-type":"","background-media":"","overlay-type":"","overlay-color":"","overlay-opacity":"","overlay-gradient":""},"tablet":{"background-color":"var(--ast-global-color-4)","background-image":"","background-repeat":"repeat","background-position":"center center","background-size":"auto","background-attachment":"scroll","background-type":"","background-media":"","overlay-type":"","overlay-color":"","overlay-opacity":"","overlay-gradient":""},"mobile":{"background-color":"var(--ast-global-color-4)","background-image":"","background-repeat":"repeat","background-position":"center center","background-size":"auto","background-attachment":"scroll","background-type":"","background-media":"","overlay-type":"","overlay-color":"","overlay-opacity":"","overlay-gradient":""}}},"product_brand":[],"product_cat":[273,251],"product_tag":[138,141,139,145,137,152,146,144,151,140,142,143,134,135,133,136,148,147,150,149],"class_list":{"0":"post-305","1":"product","2":"type-product","3":"status-publish","4":"has-post-thumbnail","6":"product_cat-infantil","7":"product_cat-funkopersonalizado","8":"product_tag-decoracion-bebe","9":"product_tag-decoracion-bebe-3d","10":"product_tag-decoracion-cuarto-infantil","11":"product_tag-decoracion-globo-aerostatico","12":"product_tag-decoracion-habitacion-infantil","13":"product_tag-decoracion-infantil-3d","14":"product_tag-decoracion-infantil-personalizada","15":"product_tag-decoracion-nube-globo","16":"product_tag-decoracion-pared-infantil","17":"product_tag-decoracion-personalizada","18":"product_tag-nombre-bebe-decoracion","19":"product_tag-nombre-con-inicial","20":"product_tag-nombre-decorativo","21":"product_tag-nombre-infantil","22":"product_tag-nombre-personalizado","23":"product_tag-nombre-personalizado-3d","24":"product_tag-regalo-bebe","25":"product_tag-regalo-nacimiento","26":"product_tag-regalo-personalizado-nina","27":"product_tag-regalo-personalizado-nino","28":"desktop-align-left","29":"tablet-align-left","30":"mobile-align-left","32":"first","33":"instock","34":"taxable","35":"shipping-taxable","36":"purchasable","37":"product-type-simple"},"_links":{"self":[{"href":"https:\/\/www.ykaina3dstudio.es\/shop\/wp-json\/wp\/v2\/product\/305","targetHints":{"allow":["GET"]}}],"collection":[{"href":"https:\/\/www.ykaina3dstudio.es\/shop\/wp-json\/wp\/v2\/product"}],"about":[{"href":"https:\/\/www.ykaina3dstudio.es\/shop\/wp-json\/wp\/v2\/types\/product"}],"replies":[{"embeddable":true,"href":"https:\/\/www.ykaina3dstudio.es\/shop\/wp-json\/wp\/v2\/comments?post=305"}],"wp:featuredmedia":[{"embeddable":true,"href":"https:\/\/www.ykaina3dstudio.es\/shop\/wp-json\/wp\/v2\/media\/640"}],"wp:attachment":[{"href":"https:\/\/www.ykaina3dstudio.es\/shop\/wp-json\/wp\/v2\/media?parent=305"}],"wp:term":[{"taxonomy":"product_brand","embeddable":true,"href":"https:\/\/www.ykaina3dstudio.es\/shop\/wp-json\/wp\/v2\/product_brand?post=305"},{"taxonomy":"product_cat","embeddable":true,"href":"https:\/\/www.ykaina3dstudio.es\/shop\/wp-json\/wp\/v2\/product_cat?post=305"},{"taxonomy":"product_tag","embeddable":true,"href":"https:\/\/www.ykaina3dstudio.es\/shop\/wp-json\/wp\/v2\/product_tag?post=305"}],"curies":[{"name":"wp","href":"https:\/\/api.w.org\/{rel}","templated":true}]}}